{"id":610,"date":"2025-11-02T21:28:30","date_gmt":"2025-11-02T21:28:30","guid":{"rendered":"https:\/\/campusbeiaard.nl\/?page_id=610"},"modified":"2025-12-16T21:23:05","modified_gmt":"2025-12-16T21:23:05","slug":"qr","status":"publish","type":"page","link":"https:\/\/campusbeiaard.nl\/en\/qr\/","title":{"rendered":"Programma 17 december"},"content":{"rendered":"<div class=\"wp-block-cover alignfull is-light has-custom-content-position is-position-bottom-center has-base-2-color has-text-color has-link-color wp-elements-23137115927a0b9747e5f03100c437b4\" style=\"min-height:500px;aspect-ratio:unset;\"><img loading=\"lazy\" decoding=\"async\" width=\"1024\" height=\"380\" class=\"wp-block-cover__image-background wp-image-554 size-large\" alt=\"\" src=\"https:\/\/campusbeiaard.nl\/wp-content\/uploads\/2025\/06\/Enschede700-1024x380.png\" style=\"object-position:24% 24%\" data-object-fit=\"cover\" data-object-position=\"24% 24%\" srcset=\"https:\/\/campusbeiaard.nl\/wp-content\/uploads\/2025\/06\/Enschede700-1024x380.png 1024w, https:\/\/campusbeiaard.nl\/wp-content\/uploads\/2025\/06\/Enschede700-300x111.png 300w, https:\/\/campusbeiaard.nl\/wp-content\/uploads\/2025\/06\/Enschede700-768x285.png 768w, https:\/\/campusbeiaard.nl\/wp-content\/uploads\/2025\/06\/Enschede700-1536x569.png 1536w, https:\/\/campusbeiaard.nl\/wp-content\/uploads\/2025\/06\/Enschede700-2048x759.png 2048w, https:\/\/campusbeiaard.nl\/wp-content\/uploads\/2025\/06\/Enschede700-18x7.png 18w\" sizes=\"auto, (max-width: 1024px) 100vw, 1024px\" \/><span aria-hidden=\"true\" class=\"wp-block-cover__background has-background-dim-0 has-background-dim\" style=\"background-color:#9f9b9a\"><\/span><div class=\"wp-block-cover__inner-container has-global-padding is-layout-constrained wp-block-cover-is-layout-constrained\">\n<p class=\"has-text-align-left has-xx-large-font-size\" style=\"letter-spacing:6px;line-height:0\"><strong>ENSCHEDE<\/strong><\/p>\n\n\n\n<p style=\"font-size:clamp(1.743rem, 1.743rem + ((1vw - 0.2rem) * 2.095), 3rem);letter-spacing:3px\">DECEMBER 17, 2025<\/p>\n<\/div><\/div>\n\n\n\n<p style=\"padding-top:var(--wp--preset--spacing--20);padding-bottom:var(--wp--preset--spacing--10)\"><strong>On Wednesday, December 17, between 12:00 and 13:30, 14 songs from 14 different countries will be played on the bells of the Campus Carillon of the University of Twente. The concert begins and ends with the Vanekerblazers, creating a beautiful mix of regional (midwinter horn), national (carillon), and international culture (suggested songs).<\/strong><\/p>\n\n\n\n<p>The concert is part of the festive #Enschede700 project: \"The carillons of Enschede in 150 Colours of Sound,\" a musical ode in which each song represents an Enschede resident and their background.<\/p>\n\n\n\n<p>This year, Enschede celebrates its 700th anniversary. The Enschede Carillon Society is marking this milestone with special international concerts throughout the year. Songs from all corners of the globe \u2013 contributed by Enschede residents \u2013 will be brought to life on the StadsCarillon and the CampusBeiaard. This creates a vibrant program that showcases the cultural richness of our city.<\/p>\n\n\n\n<blockquote class=\"wp-block-quote is-layout-flow wp-block-quote-is-layout-flow\" style=\"padding-top:20px;padding-bottom:20px\">\n<p class=\"has-text-align-center\" style=\"margin-right:var(--wp--preset--spacing--50);margin-left:var(--wp--preset--spacing--50);font-size:clamp(16.293px, 1.018rem + ((1vw - 3.2px) * 0.907), 25px);\">A song for each Enschedean<\/p>\n<\/blockquote>\n\n\n\n<p>Do you live, work, or study in Enschede and want to contribute to this musical project? Submit a song from your native country. If no song has been submitted for your country yet, your entry will be performed at one of the upcoming concerts on the StadsCarillon or the CampusBeiaard.<\/p>\n\n\n\n<div class=\"wp-block-buttons has-custom-font-size has-medium-font-size is-nowrap is-layout-flex wp-container-core-buttons-is-layout-775a92ae wp-block-buttons-is-layout-flex\" style=\"border-style:none;border-width:0px;border-radius:15px;margin-top:var(--wp--preset--spacing--10);margin-bottom:var(--wp--preset--spacing--10);padding-top:10px;padding-right:0;padding-bottom:10px;padding-left:0;font-style:normal;font-weight:400\">\n<div class=\"wp-block-button has-custom-width wp-block-button__width-75\"><a class=\"wp-block-button__link wp-element-button\" href=\"https:\/\/forms.gle\/WmZ47HVpFMm6i9jP8\" target=\"_blank\" rel=\"noreferrer noopener\">Let us know via this link!<\/a><\/div>\n<\/div>\n\n\n\n<p>Come listen, join in the celebration and be taken on a musical journey around the world!<\/p>\n\n\n\n<div style=\"height:20px\" aria-hidden=\"true\" class=\"wp-block-spacer\"><\/div>\n\n\n\n<h3 class=\"wp-block-heading\">Programme December 17, 2025<\/h3>\n\n\n\n<p>Below is the program for Wednesday, December 17, at noon. More information about each song can be found on the website of the Enschede Carillon Society, for example why the applicant finds the song so special. Click here for an <a href=\"https:\/\/www.carillons053.nl\/overzicht\/\" target=\"_blank\" rel=\"noreferrer noopener\">overview<\/a>. In the program, click on a country for the explanation of a specific song.<\/p>\n\n\n\n<div style=\"height:20px\" aria-hidden=\"true\" class=\"wp-block-spacer\"><\/div>\n\n\n\n<p>Midwinter horns (Vanekerblazers)<\/p>\n\n\n\n<p><em>Christmas music<\/em><\/p>\n\n\n\n<ol class=\"wp-block-list\">\n<li>\u201cSa araw ng Pasko\u201d \u2013 <a href=\"https:\/\/carillons053.nl\/filipijnen\/\" target=\"_blank\" rel=\"noreferrer noopener\">Philippines<\/a> (Esther Schopman)<\/li>\n\n\n\n<li>\u201cTwinkle, twinkle little star\u201d \u2013 <a href=\"https:\/\/carillons053.nl\/verenigd_koninkrijk\/\" target=\"_blank\" rel=\"noreferrer noopener\">United Kingdom<\/a> (Willem Jaap Zwart and Esther Schopman)<\/li>\n\n\n\n<li>&#8220;Stille Nacht&#8221; (Bas Thuijs)<\/li>\n\n\n\n<li>&#8220;Flappie&#8221; (Johan Verzijden)<\/li>\n<\/ol>\n\n\n\n<p>Midwinter horns<\/p>\n\n\n\n<p><em>International songs<\/em><\/p>\n\n\n\n<ol class=\"wp-block-list\">\n<li>\u201cP\u016bt, v\u0113ji\u0146i\u201d \u2013 <a href=\"https:\/\/carillons053.nl\/letland\/\" target=\"_blank\" rel=\"noreferrer noopener\">Latvia<\/a> (Johan Verzijden and Esther Schopman)<\/li>\n\n\n\n<li>\u201cDodo titite\u201d \u2013 <a href=\"https:\/\/carillons053.nl\/haiti\/\" target=\"_blank\" rel=\"noreferrer noopener\">Haiti<\/a> (Minka Geelen and Esther Schopman)<\/li>\n\n\n\n<li>\u201cGoro moja\u201d \u2013 <a href=\"https:\/\/carillons053.nl\/montenegro\/\" target=\"_blank\" rel=\"noreferrer noopener\">Montenegro<\/a> (Esther Schopman)<\/li>\n\n\n\n<li>\u201cSopa de Caracol\u201d \u2013 <a href=\"https:\/\/carillons053.nl\/honduras\/\" target=\"_blank\" rel=\"noreferrer noopener\">Honduras<\/a> (Esther Schopman and Hylke Banning)<\/li>\n\n\n\n<li>\u201cNeria\u201d \u2013 <a href=\"https:\/\/carillons053.nl\/zimbabwe\/\" target=\"_blank\" rel=\"noreferrer noopener\">Zimbabwe<\/a> (Esther Schopman)<\/li>\n\n\n\n<li>\u201cPoletjela golubica\u201d \u2013 <a href=\"https:\/\/carillons053.nl\/bosnie-and-herzegovina\/\" target=\"_blank\" rel=\"noreferrer noopener\">Bosnia and Herzegovina<\/a> (Hylke Banning and Esther Schopman)<\/li>\n<\/ol>\n\n\n\n<p>Midwinter horns<\/p>\n\n\n\n<p><em>International songs<\/em><\/p>\n\n\n\n<ol class=\"wp-block-list\">\n<li>\u201c\u041e\u0458 \u0414\u0435\u0432\u043e\u0458\u0447\u0435\u201d (Oj devojce)&#8221; \u2013 <a href=\"https:\/\/carillons053.nl\/macedonie\/\" target=\"_blank\" rel=\"noreferrer noopener\">Macedonia<\/a> (Hylke Banning)<\/li>\n\n\n\n<li>\u201cSlune\u010dn\u00fd Hrob\u201d \u2013 <a href=\"https:\/\/carillons053.nl\/tsjechie\/\" target=\"_blank\" rel=\"noreferrer noopener\">Czech Republic<\/a> (Hylke Banning)<\/li>\n\n\n\n<li>\u201cYolele\u201d \u2013 <a href=\"https:\/\/carillons053.nl\/republic-congo\/\" target=\"_blank\" rel=\"noreferrer noopener\">Republic of the Congo<\/a> (Hylke Banning)<\/li>\n\n\n\n<li>\u201cTiyende Pamodzi\u201d \u2013 <a href=\"https:\/\/carillons053.nl\/zambia\/\" target=\"_blank\" rel=\"noreferrer noopener\">Zambia<\/a> (Hylke Banning)<\/li>\n\n\n\n<li>\u201cCesarica\u201d \u2013 <a href=\"https:\/\/carillons053.nl\/kroatie\/\" target=\"_blank\" rel=\"noreferrer noopener\">Croatia<\/a> (Hylke Banning)<\/li>\n\n\n\n<li>\u201cGod Bless Our Homeland\u201d \u2013 <a href=\"https:\/\/carillons053.nl\/ghana\/\" target=\"_blank\" rel=\"noreferrer noopener\">Ghana<\/a> (Jort Vooijs and Hylke Banning)<\/li>\n<\/ol>\n\n\n\n<p>Midwinter horns<\/p>\n\n\n\n<p><em>Christmas music<\/em><\/p>\n\n\n\n<ol class=\"wp-block-list\">\n<li>\u201cO Come, All Ye Faithful\u201d (Jort Vooijs and Hylke Banning)<\/li>\n\n\n\n<li>&#8220;In the Bleak Midwinter&#8221; (Tom Erik Pedersen)<\/li>\n\n\n\n<li>&#8220;The First Nowell&#8221; (Tom Erik Pedersen)<\/li>\n\n\n\n<li>&#8220;Carol of the Bells&#8221; (Bas Thuijs)<\/li>\n<\/ol>\n\n\n\n<p>Midwinter horns<\/p>\n\n\n\n<div style=\"height:30px\" aria-hidden=\"true\" class=\"wp-block-spacer\"><\/div>\n\n\n\n<figure class=\"wp-block-image size-large\"><img loading=\"lazy\" decoding=\"async\" width=\"1024\" height=\"161\" src=\"https:\/\/campusbeiaard.nl\/wp-content\/uploads\/2025\/09\/Logo_UT-fonds-kleur-1024x161.png\" alt=\"\" class=\"wp-image-583\" srcset=\"https:\/\/campusbeiaard.nl\/wp-content\/uploads\/2025\/09\/Logo_UT-fonds-kleur-1024x161.png 1024w, https:\/\/campusbeiaard.nl\/wp-content\/uploads\/2025\/09\/Logo_UT-fonds-kleur-300x47.png 300w, https:\/\/campusbeiaard.nl\/wp-content\/uploads\/2025\/09\/Logo_UT-fonds-kleur-768x121.png 768w, https:\/\/campusbeiaard.nl\/wp-content\/uploads\/2025\/09\/Logo_UT-fonds-kleur-1536x242.png 1536w, https:\/\/campusbeiaard.nl\/wp-content\/uploads\/2025\/09\/Logo_UT-fonds-kleur-2048x322.png 2048w, https:\/\/campusbeiaard.nl\/wp-content\/uploads\/2025\/09\/Logo_UT-fonds-kleur-18x3.png 18w\" sizes=\"auto, (max-width: 1024px) 100vw, 1024px\" \/><\/figure>","protected":false},"excerpt":{"rendered":"<p>Op woensdag 17 december worden tussen 12.00 en 13.30 uur 14 liedjes uit 14 verschillende landen gespeeld op de klokken van de CampusBeiaard van de Universiteit Twente. Het concert begint en eindigt met de Vanekerblazers waardoor er een mooie mix ontstaat van regionale (midwinterhoorn), nationale (beiaard) en internationale cultuur (aangedragen liedjes). Het concert is onderdeel [&hellip;]<\/p>","protected":false},"author":1,"featured_media":0,"parent":0,"menu_order":0,"comment_status":"closed","ping_status":"closed","template":"eigentemplate","meta":{"ngg_post_thumbnail":0,"footnotes":""},"class_list":["post-610","page","type-page","status-publish","hentry"],"_links":{"self":[{"href":"https:\/\/campusbeiaard.nl\/en\/wp-json\/wp\/v2\/pages\/610","targetHints":{"allow":["GET"]}}],"collection":[{"href":"https:\/\/campusbeiaard.nl\/en\/wp-json\/wp\/v2\/pages"}],"about":[{"href":"https:\/\/campusbeiaard.nl\/en\/wp-json\/wp\/v2\/types\/page"}],"author":[{"embeddable":true,"href":"https:\/\/campusbeiaard.nl\/en\/wp-json\/wp\/v2\/users\/1"}],"replies":[{"embeddable":true,"href":"https:\/\/campusbeiaard.nl\/en\/wp-json\/wp\/v2\/comments?post=610"}],"version-history":[{"count":16,"href":"https:\/\/campusbeiaard.nl\/en\/wp-json\/wp\/v2\/pages\/610\/revisions"}],"predecessor-version":[{"id":636,"href":"https:\/\/campusbeiaard.nl\/en\/wp-json\/wp\/v2\/pages\/610\/revisions\/636"}],"wp:attachment":[{"href":"https:\/\/campusbeiaard.nl\/en\/wp-json\/wp\/v2\/media?parent=610"}],"curies":[{"name":"wp","href":"https:\/\/api.w.org\/{rel}","templated":true}]}}